{"id":2509,"date":"2021-01-10T19:43:55","date_gmt":"2021-01-10T17:43:55","guid":{"rendered":"https:\/\/www.ruralpedraforca.cat\/politique-de-cookies\/"},"modified":"2021-01-10T19:43:55","modified_gmt":"2021-01-10T17:43:55","slug":"politique-de-cookies","status":"publish","type":"page","link":"https:\/\/www.ruralpedraforca.cat\/fr\/politique-de-cookies\/","title":{"rendered":"Politique de cookies"},"content":{"rendered":"<p>[et_pb_section fb_built=\u00a0\u00bb1&Prime; admin_label=\u00a0\u00bbHero\u00a0\u00bb _builder_version=\u00a0\u00bb4.5.6&Prime; background_image=\u00a0\u00bbhttps:\/\/www.ruralpedraforca.cat\/wp-content\/uploads\/2020\/07\/IMG_4099-scaled.jpg\u00a0\u00bb custom_padding=\u00a0\u00bb10vw||0vw|||\u00a0\u00bb hover_enabled=\u00a0\u00bb0&Prime; background_enable_video_mp4=\u00a0\u00bboff\u00a0\u00bb title_text=\u00a0\u00bbIMG_4099&Prime;][et_pb_row _builder_version=\u00a0\u00bb3.25&Prime; background_size=\u00a0\u00bbinitial\u00a0\u00bb background_position=\u00a0\u00bbtop_left\u00a0\u00bb background_repeat=\u00a0\u00bbrepeat\u00a0\u00bb custom_padding=\u00a0\u00bb0px||84px|||\u00a0\u00bb][et_pb_column type=\u00a0\u00bb4_4&Prime; _builder_version=\u00a0\u00bb3.25&Prime; custom_padding=\u00a0\u00bb|||\u00a0\u00bb custom_padding__hover=\u00a0\u00bb|||\u00a0\u00bb][et_pb_cta button_url=\u00a0\u00bb#top\u00a0\u00bb _builder_version=\u00a0\u00bb4.5.6&Prime; header_font=\u00a0\u00bbYeseva One||||||||\u00a0\u00bb header_font_size=\u00a0\u00bb80px\u00a0\u00bb header_line_height=\u00a0\u00bb1.3em\u00a0\u00bb body_font=\u00a0\u00bbMontserrat|700|||||||\u00a0\u00bb body_text_color=\u00a0\u00bbrgba(47,56,84,0.5)\u00a0\u00bb body_font_size=\u00a0\u00bb22px\u00a0\u00bb body_line_height=\u00a0\u00bb1.9em\u00a0\u00bb use_background_color=\u00a0\u00bboff\u00a0\u00bb custom_button=\u00a0\u00bbon\u00a0\u00bb button_text_size=\u00a0\u00bb16px\u00a0\u00bb button_text_color=\u00a0\u00bb#ffffff\u00a0\u00bb button_bg_color=\u00a0\u00bb#2f3854&Prime; button_border_width=\u00a0\u00bb10px\u00a0\u00bb button_border_color=\u00a0\u00bbrgba(47,56,84,0)\u00a0\u00bb button_border_radius=\u00a0\u00bb60px\u00a0\u00bb button_letter_spacing=\u00a0\u00bb1px\u00a0\u00bb button_font=\u00a0\u00bbMontserrat|700||on|||||\u00a0\u00bb button_use_icon=\u00a0\u00bboff\u00a0\u00bb background_layout=\u00a0\u00bblight\u00a0\u00bb animation_style=\u00a0\u00bbzoom\u00a0\u00bb animation_direction=\u00a0\u00bbbottom\u00a0\u00bb animation_intensity_zoom=\u00a0\u00bb10%\u00a0\u00bb hover_enabled=\u00a0\u00bb0&Prime; header_font_size_tablet=\u00a0\u00bb\u00a0\u00bb header_font_size_phone=\u00a0\u00bb50px\u00a0\u00bb header_font_size_last_edited=\u00a0\u00bbon|phone\u00a0\u00bb button_text_color_hover=\u00a0\u00bb#ffffff\u00a0\u00bb button_border_radius_hover=\u00a0\u00bb66px\u00a0\u00bb button_letter_spacing_hover=\u00a0\u00bb1px\u00a0\u00bb button_bg_color_hover=\u00a0\u00bbrgba(47,56,84,0.9)\u00a0\u00bb button_text_size__hover_enabled=\u00a0\u00bboff\u00a0\u00bb button_one_text_size__hover_enabled=\u00a0\u00bboff\u00a0\u00bb button_two_text_size__hover_enabled=\u00a0\u00bboff\u00a0\u00bb button_text_color__hover_enabled=\u00a0\u00bbon\u00a0\u00bb button_text_color__hover=\u00a0\u00bb#ffffff\u00a0\u00bb button_one_text_color__hover_enabled=\u00a0\u00bboff\u00a0\u00bb button_two_text_color__hover_enabled=\u00a0\u00bboff\u00a0\u00bb button_border_width__hover_enabled=\u00a0\u00bboff\u00a0\u00bb button_one_border_width__hover_enabled=\u00a0\u00bboff\u00a0\u00bb button_two_border_width__hover_enabled=\u00a0\u00bboff\u00a0\u00bb button_border_color__hover_enabled=\u00a0\u00bboff\u00a0\u00bb button_one_border_color__hover_enabled=\u00a0\u00bboff\u00a0\u00bb button_two_border_color__hover_enabled=\u00a0\u00bboff\u00a0\u00bb button_border_radius__hover_enabled=\u00a0\u00bbon\u00a0\u00bb button_border_radius__hover=\u00a0\u00bb66px\u00a0\u00bb button_one_border_radius__hover_enabled=\u00a0\u00bboff\u00a0\u00bb button_two_border_radius__hover_enabled=\u00a0\u00bboff\u00a0\u00bb button_letter_spacing__hover_enabled=\u00a0\u00bbon\u00a0\u00bb button_letter_spacing__hover=\u00a0\u00bb1px\u00a0\u00bb button_one_letter_spacing__hover_enabled=\u00a0\u00bboff\u00a0\u00bb button_two_letter_spacing__hover_enabled=\u00a0\u00bboff\u00a0\u00bb button_bg_color__hover_enabled=\u00a0\u00bbon\u00a0\u00bb button_bg_color__hover=\u00a0\u00bbrgba(47,56,84,0.9)\u00a0\u00bb button_one_bg_color__hover_enabled=\u00a0\u00bboff\u00a0\u00bb button_two_bg_color__hover_enabled=\u00a0\u00bboff\u00a0\u00bb]<\/p>\n<p>Politique de cookies<\/p>\n<p>[\/et_pb_cta][\/et_pb_column][\/et_pb_row][\/et_pb_section][et_pb_section fb_built=\u00a0\u00bb1&Prime; admin_label=\u00a0\u00bbBlog\u00a0\u00bb _builder_version=\u00a0\u00bb4.5.6&Prime; hover_enabled=\u00a0\u00bb0&Prime; background_enable_video_mp4=\u00a0\u00bboff\u00a0\u00bb background_enable_image=\u00a0\u00bboff\u00a0\u00bb custom_padding=\u00a0\u00bb0vw|0px|0|0px|false|false\u00a0\u00bb][et_pb_row _builder_version=\u00a0\u00bb3.25&Prime; hover_enabled=\u00a0\u00bb0&Prime;][et_pb_column type=\u00a0\u00bb4_4&Prime; _builder_version=\u00a0\u00bb3.25&Prime; custom_padding=\u00a0\u00bb|||\u00a0\u00bb custom_padding__hover=\u00a0\u00bb|||\u00a0\u00bb][et_pb_accordion _builder_version=\u00a0\u00bb4.5.6&Prime; _module_preset=\u00a0\u00bbdefault\u00a0\u00bb hover_enabled=\u00a0\u00bb0&Prime;][et_pb_accordion_item title=\u00a0\u00bbINTRODUCTION\u00a0\u00bb _builder_version=\u00a0\u00bb4.5.6&Prime; _module_preset=\u00a0\u00bbdefault\u00a0\u00bb open=\u00a0\u00bbon\u00a0\u00bb hover_enabled=\u00a0\u00bb0&Prime;]<\/p>\n<p>Le site Web de Marc Massana Rincon utilise ses propres cookies et ceux de tiers. Un cookie est un fichier t\u00e9l\u00e9charg\u00e9 sur votre ordinateur lorsque vous acc\u00e9dez \u00e0 certaines pages Web. Les cookies permettent \u00e0 un site Web, entre autres, d&rsquo;assurer le bon fonctionnement de la page, de permettre \u00e0 l&rsquo;utilisateur un acc\u00e8s plus rapide aux services s\u00e9lectionn\u00e9s, de stocker et de r\u00e9cup\u00e9rer des informations sur les habitudes de navigation d&rsquo;un utilisateur ou du votre ordinateur et m\u00eame en fonction des informations qu&rsquo;ils contiennent et de la mani\u00e8re dont vous utilisez votre ordinateur, ils peuvent \u00eatre utilis\u00e9s pour reconna\u00eetre l&rsquo;utilisateur. Les cookies sont associ\u00e9s uniquement \u00e0 un utilisateur anonyme et \u00e0 son ordinateur ou appareil et ne fournissent pas de r\u00e9f\u00e9rences leur permettant de conna\u00eetre leurs donn\u00e9es personnelles, sauf avec l&rsquo;autorisation expresse de cette personne.<\/p>\n<p>L&rsquo;utilisateur peut, \u00e0 tout moment, accepter ou refuser les cookies install\u00e9s qui ne sont pas strictement n\u00e9cessaires au bon fonctionnement du site et \u00e0 l&rsquo;acc\u00e8s de l&rsquo;utilisateur \u00e0 ses services, via le panneau de r\u00e9glage des cookies. fournis sur notre site Web. Vous pouvez \u00e9galement configurer votre navigateur \u00e0 tout moment sans compromettre la capacit\u00e9 de l&rsquo;Utilisateur \u00e0 acc\u00e9der au contenu. Cependant, nous vous informons que le rejet des cookies peut r\u00e9duire le bon fonctionnement du site.<\/p>\n<p>[\/et_pb_accordion_item][et_pb_accordion_item title=\u00a0\u00bbCOOKIES AFFECT\u00c9ES PAR LES R\u00c9GLEMENTATIONS ET COOKIES GRATUITES\u00a0\u00bb _builder_version=\u00a0\u00bb4.5.6&Prime; _module_preset=\u00a0\u00bbdefault\u00a0\u00bb open=\u00a0\u00bboff\u00a0\u00bb hover_enabled=\u00a0\u00bb0&Prime;]<\/p>\n<p>Selon la directive europ\u00e9enne, les cookies qui n\u00e9cessitent le consentement \u00e9clair\u00e9 de l&rsquo;utilisateur sont des cookies d&rsquo;analyse et des cookies de publicit\u00e9 et d&rsquo;affiliation, \u00e0 l&rsquo;exception de ceux de nature technique et de ceux n\u00e9cessaires au fonctionnement du site Web ou du fourniture de services express\u00e9ment demand\u00e9s par l&rsquo;utilisateur.<\/p>\n<p>[\/et_pb_accordion_item][et_pb_accordion_item title=\u00a0\u00bbTYPES DE COOKIES\u00a0\u00bb _builder_version=\u00a0\u00bb4.5.6&Prime; _module_preset=\u00a0\u00bbdefault\u00a0\u00bb hover_enabled=\u00a0\u00bb0&Prime; open=\u00a0\u00bboff\u00a0\u00bb]<\/p>\n<p>a) En fonction de<strong> l&rsquo;entit\u00e9 qui les g\u00e8re<\/strong>, il existe des<strong> cookies propres<\/strong> (ceux qui sont envoy\u00e9s \u00e0 l&rsquo;\u00e9quipement terminal de l&rsquo;utilisateur \u00e0 partir d&rsquo;un ordinateur ou d&rsquo;un domaine g\u00e9r\u00e9 par l&rsquo;\u00e9diteur et \u00e0 partir duquel le service demand\u00e9 par l&rsquo;utilisateur) et <strong>des tiers<\/strong> (ceux envoy\u00e9s \u00e0 l&rsquo;\u00e9quipement terminal de l&rsquo;utilisateur \u00e0 partir d&rsquo;un ordinateur ou d&rsquo;un domaine qui n&rsquo;est pas g\u00e9r\u00e9 par l&rsquo;\u00e9diteur, mais par une autre entit\u00e9 qui traite les donn\u00e9es obtenues via les biscuits).<\/p>\n<p>b) En fonction <strong>de la dur\u00e9e de leur activit\u00e9,<\/strong> il existe des <strong>sessions<\/strong> (con\u00e7ues pour demander et stocker des donn\u00e9es pendant que l&rsquo;utilisateur acc\u00e8de \u00e0 une page Web) et <strong>persistantes<\/strong> (dans lesquelles les donn\u00e9es sont stock\u00e9es dans le terminal et accessibles et trait\u00e9 pendant une p\u00e9riode d\u00e9finie par le fabricant de biscuits &#8211; peut aller de quelques minutes \u00e0 plusieurs ann\u00e9es).<\/p>\n<p>c) Selon la <strong>finalit\u00e9<\/strong> pour laquelle ils traitent les informations qu&rsquo;ils collectent, ils peuvent \u00eatre:<\/p>\n<p><strong>&#8211; Cookies techniques<\/strong> (n\u00e9cessaires \u00e0 l&rsquo;utilisation du site Web et \u00e0 la fourniture du service souscrit),<\/p>\n<p><strong>&#8211; Cookies de personnalisation<\/strong> (qui permettent \u00e0 l&rsquo;utilisateur d&rsquo;acc\u00e9der au service avec des fonctionnalit\u00e9s pr\u00e9d\u00e9finies, telles que la langue, le type de navigateur, les param\u00e8tres r\u00e9gionaux, etc.)<\/p>\n<p><strong>&#8211; Cookies d&rsquo;analyse<\/strong> (ils collectent des informations sur l&rsquo;utilisation faite du site),<\/p>\n<p><strong>&#8211; Cookies publicitaires<\/strong> (collectent des informations sur les pr\u00e9f\u00e9rences et les choix personnels des utilisateurs),<\/p>\n<p><strong>&#8211; Cookies d&rsquo;affiliation<\/strong> (vous permettent de suivre les visites d&rsquo;autres sites Web, avec lesquels le site Web \u00e9tablit un contrat d&rsquo;affiliation).<\/p>\n<p>[\/et_pb_accordion_item][et_pb_accordion_item title=\u00a0\u00bbTYPES DE COOKIES UTILIS\u00c9S PAR CE SITE WEB\u00a0\u00bb _builder_version=\u00a0\u00bb4.5.6&Prime; _module_preset=\u00a0\u00bbdefault\u00a0\u00bb hover_enabled=\u00a0\u00bb0&Prime; open=\u00a0\u00bboff\u00a0\u00bb]<\/p>\n<p>Lors de la navigation sur notre site Web, des cookies de nos r\u00e9seaux sociaux peuvent \u00eatre stock\u00e9s dans votre navigateur. Voici les liens vers les cookies de r\u00e9seaux sociaux que nous utilisons sur ce site:<\/p>\n<ul>\n<li>Cookies de Facebook, voir plus d&rsquo;informations dans leur <a href=\"https:\/\/es-es.facebook.com\/policies\/cookies\/\">politique de cookies<\/a><\/li>\n<li>Cookies de Twitter, voir plus d&rsquo;informations dans leur <a href=\"https:\/\/help.twitter.com\/es\/rules-and-policies\/twitter-cookies\">politique de cookies<\/a><\/li>\n<li>Cookies d&rsquo; Instagram, voir plus d&rsquo;informations dans leur<a href=\"https:\/\/es-es.facebook.com\/policies\/cookies\/\"> politique de cookies<\/a><\/li>\n<li>Cookies de Google+, voir plus d&rsquo;informations dans leur <a href=\"https:\/\/policies.google.com\/technologies\/cookies?hl=es\">politique de cookies<\/a><\/li>\n<li>Cookies Linkedin, voir plus d&rsquo;informations dans leur <a href=\"https:\/\/www.linkedin.com\/legal\/cookie-policy?_l=es_ES\">politique de cookies<\/a><\/li>\n<li>Cookies de Pinterest, voir plus d&rsquo;informations dans leur <a href=\"https:\/\/policy.pinterest.com\/es\/cookies\">politique de cookies<\/a><\/li>\n<li>Cookies de Youtube, voir plus d&rsquo;informations dans leur <a href=\"https:\/\/es-es.facebook.com\/policies\/cookies\/\">politique de cookies<\/a><\/li>\n<\/ul>\n<p>[\/et_pb_accordion_item][et_pb_accordion_item title=\u00a0\u00bbR\u00c9VOCATION\u00a0\u00bb _builder_version=\u00a0\u00bb4.5.6&Prime; _module_preset=\u00a0\u00bbdefault\u00a0\u00bb hover_enabled=\u00a0\u00bb0&Prime; open=\u00a0\u00bboff\u00a0\u00bb]<\/p>\n<p>\u00c0 tout moment, vous pouvez acc\u00e9der aux param\u00e8tres de votre navigateur en acceptant ou en refusant tous les cookies, ou en s\u00e9lectionnant ceux que l&rsquo;installation prend en charge et ceux qui ne le font pas, en suivant l&rsquo;une des proc\u00e9dures suivantes, qui d\u00e9pend du navigateur que vous utilisez:<\/p>\n<p><strong>Google Chrome<\/strong> (dans le menu Outils):<\/p>\n<p>Param\u00e8tres&gt; Afficher les options avanc\u00e9es&gt; Confidentialit\u00e9 (param\u00e8tres de contenu)&gt; Cookies: https:\/\/support.google.com\/chrome\/answer\/95647?co=GENIE.Platform%3DDesktopandhl=en<\/p>\n<p><strong>Microsoft Internet Explorer<\/strong> (dans le menu Outils):<\/p>\n<p>Options Internet&gt; Confidentialit\u00e9&gt; Avanc\u00e9: https:\/\/support.microsoft.com\/es-es\/help\/17442\/windows-internet-explorer-delete-manage-cookies<\/p>\n<p><strong>Firefox:<\/strong><\/p>\n<p>Options&gt; Confidentialit\u00e9&gt; Cookies: https:\/\/support.mozilla.org\/es\/kb\/habilitar-y-deshabilitar-cookies-sitios-web-rastrear-preferencias<\/p>\n<p><strong>Safari, iPad et iPhone:<\/strong><\/p>\n<p>Pr\u00e9f\u00e9rences&gt; Confidentialit\u00e9 https:\/\/support.apple.com\/kb\/ph21411?locale=es_EN<\/p>\n<p><strong>Opera:<\/strong><\/p>\n<p>Param\u00e8tres&gt; Options&gt; Avanc\u00e9&gt; Cookies http:\/\/help.opera.com\/Windows\/12.00\/en-US\/cookies.html<\/p>\n<p>Ces navigateurs sont sujets \u00e0 des mises \u00e0 jour ou des modifications, nous ne pouvons donc pas garantir qu&rsquo;ils seront enti\u00e8rement conformes \u00e0 la version de votre navigateur. Vous pouvez \u00e9galement utiliser un autre navigateur non couvert par ces liens, tel que Konqueror, Arora, Flock, etc. Pour \u00e9viter ces d\u00e9calages, vous pouvez y acc\u00e9der directement depuis les options de votre navigateur, g\u00e9n\u00e9ralement dans le menu \u00abOptions\u00bb de la section \u00abConfidentialit\u00e9\u00bb. (Veuillez consulter l&rsquo;aide de votre navigateur pour plus d&rsquo;informations).<\/p>\n<p>[\/et_pb_accordion_item][et_pb_accordion_item title=\u00a0\u00bbD\u00c9SACTIVATION \/ ACTIVATION ET \u00c9LIMINATION DES COOKIES\u00a0\u00bb _builder_version=\u00a0\u00bb4.5.6&Prime; _module_preset=\u00a0\u00bbdefault\u00a0\u00bb hover_enabled=\u00a0\u00bb0&Prime; open=\u00a0\u00bboff\u00a0\u00bb]<\/p>\n<p>Pour restreindre ou bloquer les cookies, cela se fait via les param\u00e8tres du navigateur.<\/p>\n<p>Si vous ne souhaitez pas que les sites Web placent des cookies sur votre ordinateur, vous pouvez ajuster les param\u00e8tres de votre navigateur afin d&rsquo;\u00eatre averti avant que des cookies ne soient plac\u00e9s. De la m\u00eame mani\u00e8re, vous pouvez adapter les param\u00e8tres pour que le navigateur rejette tous les cookies, ou uniquement les cookies tiers. Vous pouvez \u00e9galement supprimer tous les cookies qui se trouvent d\u00e9j\u00e0 sur votre ordinateur. N&rsquo;oubliez pas que les param\u00e8tres de chaque navigateur et ordinateur que vous utilisez doivent \u00eatre adapt\u00e9s s\u00e9par\u00e9ment.<\/p>\n<p>N&rsquo;oubliez pas que si vous ne souhaitez pas recevoir de cookies, nous ne pouvons plus garantir que notre site Web fonctionnera correctement. Certaines fonctionnalit\u00e9s du site peuvent \u00eatre perdues et vous ne pourrez plus consulter certains sites Web. De plus, refuser les cookies ne signifie pas que vous ne verrez plus de publicit\u00e9s. Les annonces ne correspondent tout simplement pas \u00e0 vos int\u00e9r\u00eats et seront r\u00e9p\u00e9t\u00e9es plus souvent.<\/p>\n<p>Chaque navigateur a une m\u00e9thode diff\u00e9rente pour adapter les param\u00e8tres. Si n\u00e9cessaire, consultez la fonction d&rsquo;aide du navigateur pour d\u00e9finir les param\u00e8tres corrects.<\/p>\n<p>Pour d\u00e9sactiver les cookies sur votre t\u00e9l\u00e9phone mobile, consultez le manuel de l&rsquo;appareil pour plus d&rsquo;informations.<\/p>\n<p>Vous pouvez trouver plus d&rsquo;informations sur les cookies sur Internet \u00e0 l&rsquo;adresse http:\/\/www.aboutcookies.org.<\/p>\n<p>Compte tenu du fonctionnement d&rsquo;Internet et des sites Web, nous ne disposons pas toujours d&rsquo;informations sur les cookies plac\u00e9s par des tiers via notre site Web. Cela s&rsquo;applique notamment aux cas o\u00f9 notre site Web contient ce que l&rsquo;on appelle des \u00e9l\u00e9ments int\u00e9gr\u00e9s: des textes, des documents, des images ou des courts m\u00e9trages qui sont stock\u00e9s ailleurs, mais qui sont affich\u00e9s sur notre site Web ou via le m\u00eame.<\/p>\n<p>Par cons\u00e9quent, si vous rencontrez ces types de cookies sur ce site Web et qu&rsquo;ils ne figurent pas dans la liste ci-dessus, veuillez nous en informer. Ou contactez directement le tiers pour demander des informations sur les cookies que vous placez, le but et la dur\u00e9e du cookie, et comment il a garanti votre confidentialit\u00e9.<\/p>\n<p>[\/et_pb_accordion_item][et_pb_accordion_item title=\u00a0\u00bbINFORMATIONS RELATIVES AU TRAITEMENT DES DONN\u00c9ES PERSONNELLES (ART.13 RGPD)\u00a0\u00bb _builder_version=\u00a0\u00bb4.5.6&Prime; _module_preset=\u00a0\u00bbdefault\u00a0\u00bb hover_enabled=\u00a0\u00bb0&Prime; open=\u00a0\u00bboff\u00a0\u00bb]<\/p>\n<p><strong>Qui est responsable du traitement de vos donn\u00e9es personnelles?<\/strong><\/p>\n<p>Marc Massana Rincon est le responsable du traitement des donn\u00e9es personnelles que vous nous fournissez, situ\u00e9 \u00e0 Cal Monjo s \/ n, 08699 Vallcebre, (Barcelone) et avec CIF 77742754S T\u00e9l\u00e9phone 636007395 et email de contact info@ruralpedraforca.cat.<\/p>\n<p>Si vous ne souhaitez pas que les sites Web placent des cookies sur votre ordinateur, vous pouvez ajuster les param\u00e8tres de votre navigateur afin d&rsquo;\u00eatre averti avant que des cookies ne soient plac\u00e9s. De la m\u00eame mani\u00e8re, vous pouvez adapter les param\u00e8tres pour que le navigateur rejette tous les cookies, ou uniquement les cookies tiers. Vous pouvez \u00e9galement supprimer tous les cookies qui se trouvent d\u00e9j\u00e0 sur votre ordinateur. N&rsquo;oubliez pas que les param\u00e8tres de chaque navigateur et ordinateur que vous utilisez doivent \u00eatre adapt\u00e9s s\u00e9par\u00e9ment.<\/p>\n<p>&nbsp;<\/p>\n<p><strong>\u00c0 quoi utilisons-nous vos donn\u00e9es personnelles?<\/strong><\/p>\n<p>Les informations collect\u00e9es via nos propres cookies (cookies de session et de connexion de l&rsquo;utilisateur) sont g\u00e9n\u00e9ralement utilis\u00e9es pour suivre les actions de l&rsquo;utilisateur lors du remplissage de formulaires en ligne sur diff\u00e9rentes pages, ou comme panier d&rsquo;achat. pour suivre les \u00e9l\u00e9ments que l&rsquo;utilisateur a s\u00e9lectionn\u00e9s en appuyant simplement sur un bouton, ou pour personnaliser l&rsquo;interface utilisateur lors de la visite du site Web.<\/p>\n<p>Les informations collect\u00e9es via des cookies tiers sont les suivantes:<\/p>\n<p>&#8211; Les cookies analytiques analysent vos habitudes de navigation pour am\u00e9liorer les services fournis;<\/p>\n<p>&#8211; Les cookies comportementaux collectent des informations sur les pr\u00e9f\u00e9rences des utilisateurs pour g\u00e9rer au mieux les espaces publicitaires; je<\/p>\n<p>&#8211; Les performances publicitaires mesurent la performance des publicit\u00e9s et fournissent des recommandations de produits bas\u00e9es sur des donn\u00e9es statistiques.<\/p>\n<p>Pour voir exactement l&rsquo;utilisation des cookies, consultez l&rsquo;encadr\u00e9 sur l&rsquo;utilisation des cookies dans ce document.<\/p>\n<p>&nbsp;<\/p>\n<p><strong>Quelle est la base juridique du traitement de vos donn\u00e9es personnelles?<\/strong><\/p>\n<p>La l\u00e9gitimit\u00e9 du traitement de vos donn\u00e9es personnelles est donn\u00e9e par votre consentement, accord\u00e9 au moment de nous contacter, pour l&rsquo;utilisation de cookies analytiques, comportementaux et publicitaires; pour les cookies de session ou de personnalisation, la l\u00e9gitimit\u00e9 du traitement est donn\u00e9e par l&rsquo;int\u00e9r\u00eat l\u00e9gitime du fournisseur (responsable du traitement).<\/p>\n<p>&nbsp;<\/p>\n<p><strong>\u00c0 qui communiquons-nous vos donn\u00e9es?<\/strong><\/p>\n<p>Les donn\u00e9es ne seront\u00a0 pas ni transf\u00e9r\u00e9es ni communiqu\u00e9es \u00e0 des tiers, sauf obligation l\u00e9gale ou \u00e0 des tiers indiqu\u00e9s en cas d&rsquo;utilisation de cookies g\u00e9r\u00e9s par eux.<\/p>\n<p>&nbsp;<\/p>\n<p><strong>Quelle est la dur\u00e9e de conservation de vos donn\u00e9es?<\/strong><\/p>\n<p>La dur\u00e9e de conservation des donn\u00e9es collect\u00e9es est indiqu\u00e9e dans le tableau sur l&rsquo;utilisation des cookies de ce document.<\/p>\n<p>&nbsp;<\/p>\n<p><strong>Quels sont vos droits?<\/strong><\/p>\n<p>Les droits qui prot\u00e8gent l&rsquo;utilisateur sont ceux d&rsquo;acc\u00e8s, de rectification, de suppression, de portabilit\u00e9 de ceux-ci, de retrait du consentement (sans que cela n&rsquo;affecte la lic\u00e9it\u00e9 du traitement accord\u00e9 avant son retrait), d&rsquo;opposition au traitement, de limitation (en certaines circonstances) et de d\u00e9poser une plainte aupr\u00e8s de l&rsquo;autorit\u00e9 de contr\u00f4le (l&rsquo;Agence espagnole de protection des donn\u00e9es, www.aepd.es).<\/p>\n<p>[\/et_pb_accordion_item][\/et_pb_accordion][\/et_pb_column][\/et_pb_row][\/et_pb_section]<\/p>\n","protected":false},"excerpt":{"rendered":"<p>Politique de cookies Le site Web de Marc Massana Rincon utilise ses propres cookies et ceux de tiers. Un cookie est un fichier t\u00e9l\u00e9charg\u00e9 sur votre ordinateur lorsque vous acc\u00e9dez \u00e0 certaines pages Web. Les cookies permettent \u00e0 un site Web, entre autres, d&rsquo;assurer le bon fonctionnement de la page, de permettre \u00e0 l&rsquo;utilisateur un [&hellip;]<\/p>\n","protected":false},"author":1,"featured_media":0,"parent":0,"menu_order":0,"comment_status":"closed","ping_status":"closed","template":"","meta":{"_et_pb_use_builder":"on","_et_pb_old_content":"","_et_gb_content_width":"","footnotes":""},"class_list":["post-2509","page","type-page","status-publish","hentry"],"_links":{"self":[{"href":"https:\/\/www.ruralpedraforca.cat\/fr\/wp-json\/wp\/v2\/pages\/2509","targetHints":{"allow":["GET"]}}],"collection":[{"href":"https:\/\/www.ruralpedraforca.cat\/fr\/wp-json\/wp\/v2\/pages"}],"about":[{"href":"https:\/\/www.ruralpedraforca.cat\/fr\/wp-json\/wp\/v2\/types\/page"}],"author":[{"embeddable":true,"href":"https:\/\/www.ruralpedraforca.cat\/fr\/wp-json\/wp\/v2\/users\/1"}],"replies":[{"embeddable":true,"href":"https:\/\/www.ruralpedraforca.cat\/fr\/wp-json\/wp\/v2\/comments?post=2509"}],"version-history":[{"count":0,"href":"https:\/\/www.ruralpedraforca.cat\/fr\/wp-json\/wp\/v2\/pages\/2509\/revisions"}],"wp:attachment":[{"href":"https:\/\/www.ruralpedraforca.cat\/fr\/wp-json\/wp\/v2\/media?parent=2509"}],"curies":[{"name":"wp","href":"https:\/\/api.w.org\/{rel}","templated":true}]}}